{"id":35,"date":"2019-01-28T12:45:35","date_gmt":"2019-01-28T11:45:35","guid":{"rendered":"http:\/\/douceurdecrins.fr\/?page_id=35"},"modified":"2025-10-21T10:24:56","modified_gmt":"2025-10-21T08:24:56","slug":"atelier-a-visiter","status":"publish","type":"page","link":"https:\/\/douceurdecrins.fr\/index.php\/atelier-a-visiter\/","title":{"rendered":"ATELIER \u00e0 VISITER"},"content":{"rendered":"<p>[et_pb_section fb_built=\u00a0\u00bb1&Prime; _builder_version=\u00a0\u00bb4.16&Prime; global_colors_info=\u00a0\u00bb{}\u00a0\u00bb][et_pb_row column_structure=\u00a0\u00bb1_4,1_2,1_4&Prime; _builder_version=\u00a0\u00bb4.16&Prime; background_size=\u00a0\u00bbinitial\u00a0\u00bb background_position=\u00a0\u00bbtop_left\u00a0\u00bb background_repeat=\u00a0\u00bbrepeat\u00a0\u00bb animation_style=\u00a0\u00bbslide\u00a0\u00bb global_colors_info=\u00a0\u00bb{}\u00a0\u00bb][et_pb_column type=\u00a0\u00bb1_4&Prime; _builder_version=\u00a0\u00bb4.16&Prime; custom_padding=\u00a0\u00bb|||\u00a0\u00bb global_colors_info=\u00a0\u00bb{}\u00a0\u00bb custom_padding__hover=\u00a0\u00bb|||\u00a0\u00bb][et_pb_image src=\u00a0\u00bbhttps:\/\/douceurdecrins.fr\/wp-content\/uploads\/2024\/11\/atelier-vue-exterieure.jpg\u00a0\u00bb alt=\u00a0\u00bbatelier de feutre\u00a0\u00bb title_text=\u00a0\u00bbatelier vue ext\u00e9rieure\u00a0\u00bb admin_label=\u00a0\u00bbimage de l&rsquo;atelier ext\u00e9rieur\u00a0\u00bb _builder_version=\u00a0\u00bb4.23.1&Prime; _module_preset=\u00a0\u00bbdefault\u00a0\u00bb global_colors_info=\u00a0\u00bb{}\u00a0\u00bb][\/et_pb_image][\/et_pb_column][et_pb_column type=\u00a0\u00bb1_2&Prime; _builder_version=\u00a0\u00bb4.16&Prime; custom_padding=\u00a0\u00bb|||\u00a0\u00bb global_colors_info=\u00a0\u00bb{}\u00a0\u00bb custom_padding__hover=\u00a0\u00bb|||\u00a0\u00bb][et_pb_text admin_label=\u00a0\u00bbtexte de pr\u00e9sentation\u00a0\u00bb _builder_version=\u00a0\u00bb4.23.1&Prime; _module_preset=\u00a0\u00bbdefault\u00a0\u00bb text_font=\u00a0\u00bbNews Cycle||||||||\u00a0\u00bb global_colors_info=\u00a0\u00bb{}\u00a0\u00bb]<\/p>\n<p>L&rsquo;atelier est une salle de classe d&rsquo;une ancienne \u00e9cole qui date de 1906.<\/p>\n<p>Clair, lumineux, son espace nous permet une immersion dans le monde du feutre.<\/p>\n<p>Il r\u00e9sonne encore de tous les espoirs des enfants qui se sont succ\u00e9d\u00e9s \u00e0 regarder vers l&rsquo;avenir par ses\u00a0 hautes fen\u00eatres (vers la for\u00eat pour ma part&#8230; irr\u00e9sistiblement attirante&#8230;)<\/p>\n<p>[\/et_pb_text][\/et_pb_column][et_pb_column type=\u00a0\u00bb1_4&Prime; _builder_version=\u00a0\u00bb4.16&Prime; custom_padding=\u00a0\u00bb|||\u00a0\u00bb global_colors_info=\u00a0\u00bb{}\u00a0\u00bb custom_padding__hover=\u00a0\u00bb|||\u00a0\u00bb][et_pb_image src=\u00a0\u00bbhttps:\/\/douceurdecrins.fr\/wp-content\/uploads\/2024\/11\/atelier-show-room.jpg\u00a0\u00bb alt=\u00a0\u00bblaine feutr\u00e9e d\u00e9coration maison\u00a0\u00bb title_text=\u00a0\u00bbatelier show room\u00a0\u00bb admin_label=\u00a0\u00bbphoto de l&rsquo;int\u00e9rieur\u00a0\u00bb _builder_version=\u00a0\u00bb4.23.1&Prime; _module_preset=\u00a0\u00bbdefault\u00a0\u00bb global_colors_info=\u00a0\u00bb{}\u00a0\u00bb][\/et_pb_image][\/et_pb_column][\/et_pb_row][et_pb_row column_structure=\u00a0\u00bb1_2,1_6,1_6,1_6&Prime; _builder_version=\u00a0\u00bb4.23.1&Prime; _module_preset=\u00a0\u00bbdefault\u00a0\u00bb global_colors_info=\u00a0\u00bb{}\u00a0\u00bb][et_pb_column type=\u00a0\u00bb1_2&Prime; _builder_version=\u00a0\u00bb4.23.1&Prime; _module_preset=\u00a0\u00bbdefault\u00a0\u00bb global_colors_info=\u00a0\u00bb{}\u00a0\u00bb][et_pb_text admin_label=\u00a0\u00bbpr\u00e9sentation compl\u00e8te\u00a0\u00bb _builder_version=\u00a0\u00bb4.23.1&Prime; _module_preset=\u00a0\u00bbdefault\u00a0\u00bb global_colors_info=\u00a0\u00bb{}\u00a0\u00bb]<\/p>\n<p>Ouvert de juin \u00e0 septembre, les vendredis et samedis de 10h \u00e0 18h\u00a0ou sur rendez-vous au 06 32 13 42 24<\/p>\n<p>L&rsquo;entr\u00e9e est libre. Nous vous proposons de venir nous rencontrer pour d\u00e9couvrir notre travail de la laine.<\/p>\n<p>Nous proposons \u00e9galement une exposition sur la laine, \u00e9labor\u00e9e par l&rsquo;association ATELIER Laines d&rsquo;Europe, une boutique ainsi qu&rsquo;une buvette.<\/p>\n<p>Vous \u00eates invit\u00e9s \u00e0 fl\u00e2ner dans l&rsquo;atelier o\u00f9 nous r\u00e9pondrons \u00e0 toutes vos interrogations, mais aussi \u00e0 prendre votre temps dans le jardin, l&rsquo;ancienne cour de l&rsquo;\u00e9cole, la boutique qui est \u00e9galement un salon d\u00e9tente. Vous avez la possibilit\u00e9 d&rsquo;agr\u00e9menter votre visite par une boisson : caf\u00e9, th\u00e9, infusion, jus de fruits locaux, infusion glac\u00e9e et sirop fait maison.<\/p>\n<p>Pour votre confort, vous trouverez un parking priv\u00e9, des tables de pique-nique, une place et des toilettes PMR.<\/p>\n<p>Les groupes et associations peuvent louer ce lieu pour quelques heures, le parking pouvant \u00eatre ferm\u00e9. Des boissons peuvent \u00eatre propos\u00e9es. L&rsquo;acc\u00e8s \u00e0 l&rsquo;int\u00e9rieur du b\u00e2timent est limit\u00e9 \u00e0 15 personnes.<\/p>\n<p>[\/et_pb_text][\/et_pb_column][et_pb_column type=\u00a0\u00bb1_6&Prime; _builder_version=\u00a0\u00bb4.23.1&Prime; _module_preset=\u00a0\u00bbdefault\u00a0\u00bb global_colors_info=\u00a0\u00bb{}\u00a0\u00bb][et_pb_text admin_label=\u00a0\u00bblien maps\u00a0\u00bb _builder_version=\u00a0\u00bb4.23.1&Prime; _module_preset=\u00a0\u00bbdefault\u00a0\u00bb text_text_color=\u00a0\u00bb#FFFFFF\u00a0\u00bb background_color=\u00a0\u00bb#7DB0CC\u00a0\u00bb link_option_url=\u00a0\u00bbhttps:\/\/maps.app.goo.gl\/dmHGJ8qiWVFVbAFV8&Prime; global_colors_info=\u00a0\u00bb{}\u00a0\u00bb]<\/p>\n<p style=\"text-align: center;\">voir la carte pour nous trouver<\/p>\n<p>[\/et_pb_text][\/et_pb_column][et_pb_column type=\u00a0\u00bb1_6&Prime; _builder_version=\u00a0\u00bb4.23.1&Prime; _module_preset=\u00a0\u00bbdefault\u00a0\u00bb global_colors_info=\u00a0\u00bb{}\u00a0\u00bb][\/et_pb_column][et_pb_column type=\u00a0\u00bb1_6&Prime; _builder_version=\u00a0\u00bb4.23.1&Prime; _module_preset=\u00a0\u00bbdefault\u00a0\u00bb global_colors_info=\u00a0\u00bb{}\u00a0\u00bb][\/et_pb_column][\/et_pb_row][et_pb_row _builder_version=\u00a0\u00bb4.23.1&Prime; _module_preset=\u00a0\u00bbdefault\u00a0\u00bb global_colors_info=\u00a0\u00bb{}\u00a0\u00bb][et_pb_column type=\u00a0\u00bb4_4&Prime; _builder_version=\u00a0\u00bb4.23.1&Prime; _module_preset=\u00a0\u00bbdefault\u00a0\u00bb global_colors_info=\u00a0\u00bb{}\u00a0\u00bb][et_pb_divider show_divider=\u00a0\u00bboff\u00a0\u00bb _builder_version=\u00a0\u00bb4.23.1&Prime; _module_preset=\u00a0\u00bbdefault\u00a0\u00bb global_colors_info=\u00a0\u00bb{}\u00a0\u00bb][\/et_pb_divider][\/et_pb_column][\/et_pb_row][et_pb_row _builder_version=\u00a0\u00bb4.27.4&Prime; _module_preset=\u00a0\u00bbdefault\u00a0\u00bb column_structure=\u00a0\u00bb1_2,1_2&Prime;][et_pb_column _builder_version=\u00a0\u00bb4.27.4&Prime; _module_preset=\u00a0\u00bbdefault\u00a0\u00bb type=\u00a0\u00bb1_2&Prime;][et_pb_text _builder_version=\u00a0\u00bb4.27.4&Prime; _module_preset=\u00a0\u00bbdefault\u00a0\u00bb hover_enabled=\u00a0\u00bb0&Prime; sticky_enabled=\u00a0\u00bb0&Prime;]<\/p>\n<p>ATELIERS DE NO\u00cbL<\/p>\n<p>Pour pr\u00e9parer votre d\u00e9co de no\u00ebl, r\u00e9aliser vos cadeaux ou tout simplement d\u00e9couvrir le feutrage, participez \u00e0 un de nos ateliers en novembre et d\u00e9cembre.<\/p>\n<p>Inscription au 06 32 13 42 24<\/p>\n<p>[\/et_pb_text][\/et_pb_column][et_pb_column _builder_version=\u00a0\u00bb4.27.4&Prime; _module_preset=\u00a0\u00bbdefault\u00a0\u00bb type=\u00a0\u00bb1_2&Prime;][et_pb_image _builder_version=\u00a0\u00bb4.27.4&Prime; _module_preset=\u00a0\u00bbdefault\u00a0\u00bb title_text=\u00a0\u00bbateliers no\u00ebl\u00a0\u00bb src=\u00a0\u00bbhttps:\/\/douceurdecrins.fr\/wp-content\/uploads\/2025\/10\/ateliers-noel.jpg\u00a0\u00bb hover_enabled=\u00a0\u00bb0&Prime; sticky_enabled=\u00a0\u00bb0&Prime;][\/et_pb_image][\/et_pb_column][\/et_pb_row][et_pb_row column_structure=\u00a0\u00bb1_4,1_2,1_4&Prime; _builder_version=\u00a0\u00bb4.16&Prime; background_size=\u00a0\u00bbinitial\u00a0\u00bb background_position=\u00a0\u00bbtop_left\u00a0\u00bb background_repeat=\u00a0\u00bbrepeat\u00a0\u00bb animation_style=\u00a0\u00bbslide\u00a0\u00bb global_colors_info=\u00a0\u00bb{}\u00a0\u00bb][et_pb_column type=\u00a0\u00bb1_4&Prime; _builder_version=\u00a0\u00bb4.16&Prime; custom_padding=\u00a0\u00bb|||\u00a0\u00bb global_colors_info=\u00a0\u00bb{}\u00a0\u00bb custom_padding__hover=\u00a0\u00bb|||\u00a0\u00bb][et_pb_text admin_label=\u00a0\u00bbLaur\u00e9ate 2023 DL\u00a0\u00bb _builder_version=\u00a0\u00bb4.23.1&Prime; _module_preset=\u00a0\u00bbdefault\u00a0\u00bb global_colors_info=\u00a0\u00bb{}\u00a0\u00bb]<\/p>\n<p>&nbsp;<\/p>\n<p>&nbsp;<\/p>\n<p>&nbsp;<\/p>\n<p>&nbsp;<\/p>\n<p>[\/et_pb_text][et_pb_text admin_label=\u00a0\u00bbLaur\u00e9ate 2023 DL\u00a0\u00bb _builder_version=\u00a0\u00bb4.23.1&Prime; _module_preset=\u00a0\u00bbdefault\u00a0\u00bb global_colors_info=\u00a0\u00bb{}\u00a0\u00bb]<\/p>\n<p>Laur\u00e9ate 2023 \u00ab\u00a0Hautes-Alpes au f\u00e9minin\u00a0\u00bb<\/p>\n<p>Cat\u00e9gorie m\u00e9tier d&rsquo;art du Dauphin\u00e9 Lib\u00e9r\u00e9<\/p>\n<p>[\/et_pb_text][\/et_pb_column][et_pb_column type=\u00a0\u00bb1_2&Prime; _builder_version=\u00a0\u00bb4.16&Prime; custom_padding=\u00a0\u00bb|||\u00a0\u00bb global_colors_info=\u00a0\u00bb{}\u00a0\u00bb custom_padding__hover=\u00a0\u00bb|||\u00a0\u00bb][et_pb_text _builder_version=\u00a0\u00bb4.23.1&Prime; _module_preset=\u00a0\u00bbdefault\u00a0\u00bb global_colors_info=\u00a0\u00bb{}\u00a0\u00bb]<\/p>\n<p>Avant de s&rsquo;installer en Auvergne et de cr\u00e9er avec son mari \u00ab\u00a0Douceur d&rsquo;h\u00f4me\u00a0\u00bb, Anne a \u00e9t\u00e9 feutri\u00e8re pendant 10 ans dans les Hautes-Alpes o\u00f9 elle avait cr\u00e9\u00e9 Douceur d&rsquo;\u00c9crins. Certifi\u00e9e artisan d&rsquo;art, elle y a obtenu une reconnaissance pour la qualit\u00e9 de son travail.<\/p>\n<p>[\/et_pb_text][et_pb_video src=\u00a0\u00bbhttps:\/\/douceurdecrins.fr\/wp-content\/uploads\/2024\/01\/Video-pour-site-Internet.mp4&Prime; _builder_version=\u00a0\u00bb4.23.1&Prime; _module_preset=\u00a0\u00bbdefault\u00a0\u00bb global_colors_info=\u00a0\u00bb{}\u00a0\u00bb][\/et_pb_video][\/et_pb_column][et_pb_column type=\u00a0\u00bb1_4&Prime; _builder_version=\u00a0\u00bb4.16&Prime; custom_padding=\u00a0\u00bb|||\u00a0\u00bb global_colors_info=\u00a0\u00bb{}\u00a0\u00bb custom_padding__hover=\u00a0\u00bb|||\u00a0\u00bb][et_pb_text _builder_version=\u00a0\u00bb4.23.1&Prime; _module_preset=\u00a0\u00bbdefault\u00a0\u00bb global_colors_info=\u00a0\u00bb{}\u00a0\u00bb]<\/p>\n<p>&nbsp;<\/p>\n<p>&nbsp;<\/p>\n<p>&nbsp;<\/p>\n<p>&nbsp;<\/p>\n<p>[\/et_pb_text][et_pb_image src=\u00a0\u00bbhttps:\/\/douceurdecrins.fr\/wp-content\/uploads\/2024\/01\/FB_IMG_1702102877465-1.jpg\u00a0\u00bb alt=\u00a0\u00bbarticle dauphin\u00e9 lib\u00e9r\u00e9\u00a0\u00bb title_text=\u00a0\u00bbFB_IMG_1702102877465&Prime; _builder_version=\u00a0\u00bb4.23.1&Prime; _module_preset=\u00a0\u00bbdefault\u00a0\u00bb global_colors_info=\u00a0\u00bb{}\u00a0\u00bb][\/et_pb_image][\/et_pb_column][\/et_pb_row][\/et_pb_section]<\/p>\n","protected":false},"excerpt":{"rendered":"<p>L&rsquo;atelier est une salle de classe d&rsquo;une ancienne \u00e9cole qui date de 1906. Clair, lumineux, son espace nous permet une immersion dans le monde du feutre. Il r\u00e9sonne encore de tous les espoirs des enfants qui se sont succ\u00e9d\u00e9s \u00e0 regarder vers l&rsquo;avenir par ses\u00a0 hautes fen\u00eatres (vers la for\u00eat pour ma part&#8230; irr\u00e9sistiblement attirante&#8230;)Ouvert [&hellip;]<\/p>\n","protected":false},"author":1,"featured_media":0,"parent":0,"menu_order":0,"comment_status":"closed","ping_status":"closed","template":"","meta":{"_et_pb_use_builder":"on","_et_pb_old_content":"","_et_gb_content_width":"","footnotes":""},"class_list":["post-35","page","type-page","status-publish","hentry"],"jetpack_sharing_enabled":true,"_links":{"self":[{"href":"https:\/\/douceurdecrins.fr\/index.php\/wp-json\/wp\/v2\/pages\/35","targetHints":{"allow":["GET"]}}],"collection":[{"href":"https:\/\/douceurdecrins.fr\/index.php\/wp-json\/wp\/v2\/pages"}],"about":[{"href":"https:\/\/douceurdecrins.fr\/index.php\/wp-json\/wp\/v2\/types\/page"}],"author":[{"embeddable":true,"href":"https:\/\/douceurdecrins.fr\/index.php\/wp-json\/wp\/v2\/users\/1"}],"replies":[{"embeddable":true,"href":"https:\/\/douceurdecrins.fr\/index.php\/wp-json\/wp\/v2\/comments?post=35"}],"version-history":[{"count":32,"href":"https:\/\/douceurdecrins.fr\/index.php\/wp-json\/wp\/v2\/pages\/35\/revisions"}],"predecessor-version":[{"id":1041,"href":"https:\/\/douceurdecrins.fr\/index.php\/wp-json\/wp\/v2\/pages\/35\/revisions\/1041"}],"wp:attachment":[{"href":"https:\/\/douceurdecrins.fr\/index.php\/wp-json\/wp\/v2\/media?parent=35"}],"curies":[{"name":"wp","href":"https:\/\/api.w.org\/{rel}","templated":true}]}}